{"id":10386,"date":"2020-06-08T20:12:58","date_gmt":"2020-06-08T18:12:58","guid":{"rendered":"https:\/\/finnleys.info\/brochures-2\/"},"modified":"2022-11-18T15:34:31","modified_gmt":"2022-11-18T13:34:31","slug":"brochures-2","status":"publish","type":"page","link":"https:\/\/finnleys.info\/ro\/","title":{"rendered":"Brochures"},"content":{"rendered":"<div class=\"fusion-fullwidth fullwidth-box fusion-builder-row-1 fusion-flex-container nonhundred-percent-fullwidth non-hundred-percent-height-scrolling\" style=\"--awb-border-radius-top-left:0px;--awb-border-radius-top-right:0px;--awb-border-radius-bottom-right:0px;--awb-border-radius-bottom-left:0px;--awb-flex-wrap:wrap;\" ><div class=\"fusion-builder-row fusion-row fusion-flex-align-items-flex-start fusion-flex-content-wrap\" style=\"max-width:1372.8px;margin-left: calc(-4% \/ 2 );margin-right: calc(-4% \/ 2 );\"><div class=\"fusion-layout-column fusion_builder_column fusion-builder-column-0 fusion_builder_column_1_2 1_2 fusion-flex-column\" style=\"--awb-bg-size:cover;--awb-width-large:50%;--awb-margin-top-large:20px;--awb-spacing-right-large:3.84%;--awb-margin-bottom-large:25px;--awb-spacing-left-large:3.84%;--awb-width-medium:50%;--awb-order-medium:0;--awb-spacing-right-medium:3.84%;--awb-spacing-left-medium:3.84%;--awb-width-small:100%;--awb-order-small:0;--awb-spacing-right-small:1.92%;--awb-spacing-left-small:1.92%;\"><div class=\"fusion-column-wrapper fusion-column-has-shadow fusion-flex-justify-content-flex-start fusion-content-layout-column\"><div class=\"fusion-title title fusion-title-1 fusion-sep-none fusion-title-text fusion-title-size-one\"><h1 class=\"fusion-title-heading title-heading-left fusion-responsive-typography-calculated\" style=\"margin:0;--fontSize:45;line-height:1.1;\">Finnleys Brochure<\/h1><\/div><div class=\"_df_book df-lite\" id=\"df_10227\"  _slug=\"hair-diversity\" data-title=\"catalogus-brochure-ro\" wpoptions=\"true\" thumb=\"https:\/\/finnleys.info\/wp-content\/uploads\/2023\/06\/Catalogus-Brochure.jpg\" thumbtype=\"\" ><\/div><script class=\"df-shortcode-script\" nowprocket type=\"application\/javascript\">window.option_df_10227 = {\"outline\":[],\"backgroundColor\":\"#ffffff\",\"autoEnableOutline\":\"false\",\"autoEnableThumbnail\":\"false\",\"overwritePDFOutline\":\"false\",\"direction\":\"1\",\"pageSize\":\"0\",\"source\":\"https:\\\/\\\/finnleys.info\\\/wp-content\\\/uploads\\\/2023\\\/06\\\/Catalogus-Brochure.pdf\",\"wpOptions\":\"true\"}; if(window.DFLIP && window.DFLIP.parseBooks){window.DFLIP.parseBooks();}<\/script><div class=\"fusion-text fusion-text-1 fusion-text-no-margin\" style=\"--awb-margin-top:25px;--awb-margin-bottom:25px;\"><p>\u00cen bro\u0219ura noastr\u0103 Finnley\u2019s pute\u021bi citi totul despre produsele noastre, de la \u00eengrijire la coafare, de la tratamente profesionale la tratamente la domiciliu. Pentru fiecare produs, credem c\u0103 este important s\u0103 ceri \u00eentotdeauna sfatul unuia dintre Ambasadorii no\u0219tri Finnley cu privire la produsele\u00a0 potrivite pentru p\u0103rul t\u0103u, pe baza unui diagnostic bun, a calit\u0103\u021bii, a structurii p\u0103rului \u0219i a rezultatului.<\/p>\n<\/div><\/div><\/div><div class=\"fusion-layout-column fusion_builder_column fusion-builder-column-1 fusion_builder_column_1_2 1_2 fusion-flex-column fusion-flex-align-self-stretch\" style=\"--awb-bg-size:cover;--awb-width-large:50%;--awb-margin-top-large:20px;--awb-spacing-right-large:3.84%;--awb-margin-bottom-large:25px;--awb-spacing-left-large:3.84%;--awb-width-medium:50%;--awb-order-medium:0;--awb-spacing-right-medium:3.84%;--awb-spacing-left-medium:3.84%;--awb-width-small:100%;--awb-order-small:0;--awb-spacing-right-small:1.92%;--awb-spacing-left-small:1.92%;\"><div class=\"fusion-column-wrapper fusion-column-has-shadow fusion-flex-justify-content-space-between fusion-content-layout-column\"><div class=\"fusion-title title fusion-title-2 fusion-sep-none fusion-title-text fusion-title-size-one\"><h1 class=\"fusion-title-heading title-heading-left fusion-responsive-typography-calculated\" style=\"margin:0;--fontSize:45;line-height:1.1;\">Organic Twist Brochure<\/h1><\/div><div class=\"fusion-text fusion-text-2\"><\/div><div class=\"_df_book df-lite\" id=\"df_10245\"  _slug=\"organic-twist\" data-title=\"organic-twist\" wpoptions=\"true\" thumb=\"https:\/\/finnleys.info\/wp-content\/uploads\/2022\/10\/Screenshot-2022-10-28-091201.png\" thumbtype=\"\" ><\/div><script class=\"df-shortcode-script\" nowprocket type=\"application\/javascript\">window.option_df_10245 = {\"outline\":[{\"title\":\"\",\"dest\":\"\"}],\"backgroundColor\":\"#fff\",\"autoEnableOutline\":\"false\",\"autoEnableThumbnail\":\"false\",\"overwritePDFOutline\":\"false\",\"direction\":\"1\",\"pageSize\":\"0\",\"source\":\"https:\\\/\\\/finnleys.info\\\/wp-content\\\/uploads\\\/2024\\\/09\\\/OTC-Brochure.pdf\",\"wpOptions\":\"true\"}; if(window.DFLIP && window.DFLIP.parseBooks){window.DFLIP.parseBooks();}<\/script><div class=\"fusion-text fusion-text-3 fusion-text-no-margin\" style=\"--awb-margin-top:25px;--awb-margin-bottom:25px;\"><p>Dac\u0103 prefera\u021bi produse mai sustenabile, Colec\u021bia Organic Twist este o bro\u0219ur\u0103 pe care trebuie neap\u0103rat s\u0103 o citi\u021bi. Ve\u021bi g\u0103si toate produsele, de la \u00eengrijire la coafare \u0219i ne uit\u0103m mai atent la colaborarea noastr\u0103 cu Trees For All, contribu\u021bia noastr\u0103 la planet\u0103 pentru animale \u0219i oameni. Cere\u021bi \u00eentotdeauna sfatul unuia dintre ambasadorii no\u0219tri Finnley \u00eenainte de a utiliza produsele.\u00a0 \u00a0 \u00a0 \u00a0 \u00a0 \u00a0 \u00a0 \u00a0 \u00a0 \u00a0 \u00a0 \u00a0 \u00a0 \u00a0 \u00a0 \u00a0 \u00a0 \u00a0 \u00a0 \u00a0 \u00a0 \u00a0 \u00a0 \u00a0 \u00a0 \u00a0 \u00a0 \u00a0 \u00a0 \u00a0 \u00a0 \u00a0 \u00a0 \u00a0 \u00a0 \u00a0 \u00a0 \u00a0 \u00a0 \u00a0 \u00a0 \u00a0 \u00a0 \u00a0 \u00a0 \u00a0 \u00a0 \u00a0 \u00a0 \u00a0 \u00a0<\/p>\n<\/div><\/div><\/div><div class=\"fusion-layout-column fusion_builder_column fusion-builder-column-2 fusion_builder_column_1_2 1_2 fusion-flex-column\" style=\"--awb-bg-size:cover;--awb-width-large:50%;--awb-margin-top-large:20px;--awb-spacing-right-large:3.84%;--awb-margin-bottom-large:20px;--awb-spacing-left-large:3.84%;--awb-width-medium:50%;--awb-order-medium:0;--awb-spacing-right-medium:3.84%;--awb-spacing-left-medium:3.84%;--awb-width-small:100%;--awb-order-small:0;--awb-spacing-right-small:1.92%;--awb-spacing-left-small:1.92%;\"><div class=\"fusion-column-wrapper fusion-column-has-shadow fusion-flex-justify-content-flex-start fusion-content-layout-column\"><div class=\"fusion-title title fusion-title-3 fusion-sep-none fusion-title-text fusion-title-size-one\"><h1 class=\"fusion-title-heading title-heading-left fusion-responsive-typography-calculated\" style=\"margin:0;--fontSize:45;line-height:1.1;\">Private Collection<\/h1><\/div><div class=\"_df_book df-lite\" id=\"df_10214\"  _slug=\"10214\" data-title=\"private-collection-brochure\" wpoptions=\"true\" thumb=\"https:\/\/finnleys.info\/wp-content\/uploads\/2022\/10\/Screenshot-2022-10-27-101357.png\" thumbtype=\"\" ><\/div><script class=\"df-shortcode-script\" nowprocket type=\"application\/javascript\">window.option_df_10214 = {\"outline\":[],\"backgroundColor\":\"#fff\",\"autoEnableOutline\":\"false\",\"autoEnableThumbnail\":\"false\",\"overwritePDFOutline\":\"false\",\"direction\":\"1\",\"pageSize\":\"0\",\"source\":\"https:\\\/\\\/finnleys.info\\\/wp-content\\\/uploads\\\/2022\\\/10\\\/Private-collection-brochure-148x148-online-1-1.pdf\",\"wpOptions\":\"true\"}; if(window.DFLIP && window.DFLIP.parseBooks){window.DFLIP.parseBooks();}<\/script><div class=\"fusion-text fusion-text-4 fusion-text-no-margin\" style=\"--awb-margin-top:25px;--awb-margin-bottom:25px;\"><p>Nu credem doar c\u0103 \u00eengrijirea p\u0103rului este important\u0103, ci \u0219i \u00eengrijirea corpului este important\u0103. Bro\u0219ura noastr\u0103 din Private Collection explic\u0103 c\u0103 o experien\u021b\u0103 de wellness este la fel de important\u0103 ca \u0219i \u00eengrijirea corpului nostru. Un ritual cu diferite produse pentru corp, m\u00e2ini, picioare, fa\u021b\u0103 \u0219i p\u0103r. Cere\u021bi \u00eentotdeauna sfatul unuia dintre ambasadorii no\u0219tri Finnley \u00eenainte de a utiliza produsele pe piele \u0219i p\u0103r pentru a ob\u021bine rezultatele dorite.<\/p>\n<\/div><\/div><\/div><div class=\"fusion-layout-column fusion_builder_column fusion-builder-column-3 fusion_builder_column_1_2 1_2 fusion-flex-column\" style=\"--awb-bg-size:cover;--awb-width-large:50%;--awb-margin-top-large:20px;--awb-spacing-right-large:3.84%;--awb-margin-bottom-large:20px;--awb-spacing-left-large:3.84%;--awb-width-medium:50%;--awb-order-medium:0;--awb-spacing-right-medium:3.84%;--awb-spacing-left-medium:3.84%;--awb-width-small:100%;--awb-order-small:0;--awb-spacing-right-small:1.92%;--awb-spacing-left-small:1.92%;\"><div class=\"fusion-column-wrapper fusion-column-has-shadow fusion-flex-justify-content-flex-start fusion-content-layout-column\"><div class=\"fusion-title title fusion-title-4 fusion-sep-none fusion-title-text fusion-title-size-one\"><h1 class=\"fusion-title-heading title-heading-left fusion-responsive-typography-calculated\" style=\"margin:0;--fontSize:45;line-height:1.1;\">CG &amp; E<\/h1><\/div><div class=\"_df_book df-lite\" id=\"df_10251\"  _slug=\"cge\" data-title=\"cge\" wpoptions=\"true\" thumb=\"https:\/\/finnleys.info\/wp-content\/uploads\/2022\/10\/Screenshot-2022-10-28-091518.png\" thumbtype=\"\" ><\/div><script class=\"df-shortcode-script\" nowprocket type=\"application\/javascript\">window.option_df_10251 = {\"outline\":[],\"backgroundColor\":\"#ffffff\",\"autoEnableOutline\":\"false\",\"autoEnableThumbnail\":\"false\",\"overwritePDFOutline\":\"false\",\"direction\":\"1\",\"pageSize\":\"0\",\"source\":\"https:\\\/\\\/finnleys.info\\\/wp-content\\\/uploads\\\/2022\\\/10\\\/CG-Brochure.pdf\",\"wpOptions\":\"true\"}; if(window.DFLIP && window.DFLIP.parseBooks){window.DFLIP.parseBooks();}<\/script><div class=\"fusion-text fusion-text-5 fusion-text-no-margin\" style=\"--awb-margin-top:25px;--awb-margin-bottom:25px;\"><p>Din ce \u00een ce mai mul\u021bi oameni se confrunt\u0103 cu probleme ale scalpului, inclusiv c\u0103derea p\u0103rului. Linia noastr\u0103 CG&amp;E este special\u0103 pentru tratamentul c\u0103derii p\u0103rului. Citi\u021bi mai multe \u00een aceast\u0103 bro\u0219ur\u0103 despre diferitele produse \u0219i nu uita\u021bi s\u0103 ave\u021bi un diagnostic corect \u00eempreun\u0103 cu unul dintre speciali\u0219tii no\u0219tri pentru scalp Finnley. Un diagnostic corect este esen\u021bial pentru a utiliza produsele potrivite \u0219i pentru a ob\u021bine rezultatele dorite.<\/p>\n<\/div><\/div><\/div><\/div><\/div>\n","protected":false},"excerpt":{"rendered":"","protected":false},"author":1,"featured_media":0,"parent":0,"menu_order":0,"comment_status":"closed","ping_status":"closed","template":"100-width.php","meta":{"footnotes":""},"class_list":["post-10386","page","type-page","status-publish","hentry"],"_links":{"self":[{"href":"https:\/\/finnleys.info\/ro\/wp-json\/wp\/v2\/pages\/10386","targetHints":{"allow":["GET"]}}],"collection":[{"href":"https:\/\/finnleys.info\/ro\/wp-json\/wp\/v2\/pages"}],"about":[{"href":"https:\/\/finnleys.info\/ro\/wp-json\/wp\/v2\/types\/page"}],"author":[{"embeddable":true,"href":"https:\/\/finnleys.info\/ro\/wp-json\/wp\/v2\/users\/1"}],"replies":[{"embeddable":true,"href":"https:\/\/finnleys.info\/ro\/wp-json\/wp\/v2\/comments?post=10386"}],"version-history":[{"count":10,"href":"https:\/\/finnleys.info\/ro\/wp-json\/wp\/v2\/pages\/10386\/revisions"}],"predecessor-version":[{"id":10464,"href":"https:\/\/finnleys.info\/ro\/wp-json\/wp\/v2\/pages\/10386\/revisions\/10464"}],"wp:attachment":[{"href":"https:\/\/finnleys.info\/ro\/wp-json\/wp\/v2\/media?parent=10386"}],"curies":[{"name":"wp","href":"https:\/\/api.w.org\/{rel}","templated":true}]}}