{"id":10380,"date":"2020-06-08T20:12:58","date_gmt":"2020-06-08T18:12:58","guid":{"rendered":"https:\/\/finnleys.info\/brochures-2\/"},"modified":"2023-06-22T14:33:51","modified_gmt":"2023-06-22T12:33:51","slug":"brochures-2","status":"publish","type":"page","link":"https:\/\/finnleys.info\/fr\/","title":{"rendered":"Brochures"},"content":{"rendered":"<div class=\"fusion-fullwidth fullwidth-box fusion-builder-row-1 fusion-flex-container nonhundred-percent-fullwidth non-hundred-percent-height-scrolling\" style=\"--awb-border-radius-top-left:0px;--awb-border-radius-top-right:0px;--awb-border-radius-bottom-right:0px;--awb-border-radius-bottom-left:0px;--awb-flex-wrap:wrap;\" ><div class=\"fusion-builder-row fusion-row fusion-flex-align-items-flex-start fusion-flex-content-wrap\" style=\"max-width:1372.8px;margin-left: calc(-4% \/ 2 );margin-right: calc(-4% \/ 2 );\"><div class=\"fusion-layout-column fusion_builder_column fusion-builder-column-0 fusion_builder_column_1_2 1_2 fusion-flex-column\" style=\"--awb-bg-size:cover;--awb-width-large:50%;--awb-margin-top-large:20px;--awb-spacing-right-large:3.84%;--awb-margin-bottom-large:25px;--awb-spacing-left-large:3.84%;--awb-width-medium:50%;--awb-order-medium:0;--awb-spacing-right-medium:3.84%;--awb-spacing-left-medium:3.84%;--awb-width-small:100%;--awb-order-small:0;--awb-spacing-right-small:1.92%;--awb-spacing-left-small:1.92%;\"><div class=\"fusion-column-wrapper fusion-column-has-shadow fusion-flex-justify-content-flex-start fusion-content-layout-column\"><div class=\"fusion-title title fusion-title-1 fusion-sep-none fusion-title-text fusion-title-size-one\"><h1 class=\"fusion-title-heading title-heading-left fusion-responsive-typography-calculated\" style=\"margin:0;--fontSize:45;line-height:1.1;\">Finnley&rsquo;s Brochure<\/h1><\/div><div class=\"_df_book df-lite\" id=\"df_10475\"  _slug=\"10475\" data-title=\"catalogus-brochure-fr\" wpoptions=\"true\" thumb=\"https:\/\/finnleys.info\/wp-content\/uploads\/2023\/06\/Catalogus-Brochure.jpg\" thumbtype=\"\" ><\/div><script class=\"df-shortcode-script\" nowprocket type=\"application\/javascript\">window.option_df_10475 = {\"outline\":[],\"backgroundColor\":\"ffffff\",\"autoEnableOutline\":\"false\",\"autoEnableThumbnail\":\"false\",\"overwritePDFOutline\":\"false\",\"direction\":\"1\",\"pageSize\":\"0\",\"source\":\"https:\\\/\\\/finnleys.info\\\/wp-content\\\/uploads\\\/2023\\\/06\\\/Catalogus-Brochure.pdf\",\"wpOptions\":\"true\"}; if(window.DFLIP && window.DFLIP.parseBooks){window.DFLIP.parseBooks();}<\/script><div class=\"fusion-text fusion-text-1 fusion-text-no-margin\" style=\"--awb-margin-top:25px;--awb-margin-bottom:25px;\"><p>Dans notre brochure Finnley\u2019s, vous pouvez tout lire sur nos produits de soins, produits de styling. Professionnels et les \u00a0traitements \u00e0 domicile. Pour chaque produit, Nous pensons qu\u2019il est important que vous demandiez toujours conseil \u00e0 un de nos ambassadeurs Finnley\u2019s pour savoir \u00a0quel produit convient aux besoins de vos cheveux, bas\u00e9 sur un bon diagnostic tel que la qualit\u00e9 de vos cheveux, leurs structures et le resultat d\u00e9sir\u00e9.<\/p>\n<\/div><\/div><\/div><div class=\"fusion-layout-column fusion_builder_column fusion-builder-column-1 fusion_builder_column_1_2 1_2 fusion-flex-column fusion-flex-align-self-stretch\" style=\"--awb-bg-size:cover;--awb-width-large:50%;--awb-margin-top-large:20px;--awb-spacing-right-large:3.84%;--awb-margin-bottom-large:25px;--awb-spacing-left-large:3.84%;--awb-width-medium:50%;--awb-order-medium:0;--awb-spacing-right-medium:3.84%;--awb-spacing-left-medium:3.84%;--awb-width-small:100%;--awb-order-small:0;--awb-spacing-right-small:1.92%;--awb-spacing-left-small:1.92%;\"><div class=\"fusion-column-wrapper fusion-column-has-shadow fusion-flex-justify-content-space-between fusion-content-layout-column\"><div class=\"fusion-title title fusion-title-2 fusion-sep-none fusion-title-text fusion-title-size-one\"><h1 class=\"fusion-title-heading title-heading-left fusion-responsive-typography-calculated\" style=\"margin:0;--fontSize:45;line-height:1.1;\">Organic Twist Brochure<\/h1><\/div><div class=\"fusion-text fusion-text-2\"><\/div><div class=\"_df_book df-lite\" id=\"df_10526\"  _slug=\"10526\" data-title=\"otc-frans\" wpoptions=\"true\" thumb=\"https:\/\/finnleys.info\/wp-content\/uploads\/2022\/10\/Screenshot-2022-10-28-091201.png\" thumbtype=\"\" ><\/div><script class=\"df-shortcode-script\" nowprocket type=\"application\/javascript\">window.option_df_10526 = {\"outline\":[],\"backgroundColor\":\"ffffff\",\"autoEnableOutline\":\"false\",\"autoEnableThumbnail\":\"false\",\"overwritePDFOutline\":\"false\",\"direction\":\"1\",\"pageSize\":\"0\",\"source\":\"https:\\\/\\\/finnleys.info\\\/wp-content\\\/uploads\\\/2024\\\/09\\\/OTC-Brochure.pdf\",\"wpOptions\":\"true\"}; if(window.DFLIP && window.DFLIP.parseBooks){window.DFLIP.parseBooks();}<\/script>\n<div class=\"fusion-text fusion-text-3 fusion-text-no-margin\" style=\"--awb-margin-top:25px;--awb-margin-bottom:25px;\"><p>Si vous pr\u00e9f\u00e9rez des produits plus durables, la collection Organic Twist est une brochure que vous devez absolument lire. Vous trouverez tous les produits, des soins au styling, et nous examinons de plus pr\u00e8s notre collaboration avec Trees For All, notre contribution \u00e0 la plan\u00e8te pour les animaux et les humains. Demandez toujours conseil \u00e0 l\u2019un de nos ambassadeurs Finnley\u2019s avant d\u2019utiliser les produits.<\/p>\n<\/div><\/div><\/div><div class=\"fusion-layout-column fusion_builder_column fusion-builder-column-2 fusion_builder_column_1_2 1_2 fusion-flex-column\" style=\"--awb-bg-size:cover;--awb-width-large:50%;--awb-margin-top-large:20px;--awb-spacing-right-large:3.84%;--awb-margin-bottom-large:20px;--awb-spacing-left-large:3.84%;--awb-width-medium:50%;--awb-order-medium:0;--awb-spacing-right-medium:3.84%;--awb-spacing-left-medium:3.84%;--awb-width-small:100%;--awb-order-small:0;--awb-spacing-right-small:1.92%;--awb-spacing-left-small:1.92%;\"><div class=\"fusion-column-wrapper fusion-column-has-shadow fusion-flex-justify-content-flex-start fusion-content-layout-column\"><div class=\"fusion-title title fusion-title-3 fusion-sep-none fusion-title-text fusion-title-size-one\"><h1 class=\"fusion-title-heading title-heading-left fusion-responsive-typography-calculated\" style=\"margin:0;--fontSize:45;line-height:1.1;\">Private Collection<\/h1><\/div><div class=\"_df_book df-lite\" id=\"df_10214\"  _slug=\"10214\" data-title=\"private-collection-brochure\" wpoptions=\"true\" thumb=\"https:\/\/finnleys.info\/wp-content\/uploads\/2022\/10\/Screenshot-2022-10-27-101357.png\" thumbtype=\"\" ><\/div><script class=\"df-shortcode-script\" nowprocket type=\"application\/javascript\">window.option_df_10214 = {\"outline\":[],\"backgroundColor\":\"#fff\",\"autoEnableOutline\":\"false\",\"autoEnableThumbnail\":\"false\",\"overwritePDFOutline\":\"false\",\"direction\":\"1\",\"pageSize\":\"0\",\"source\":\"https:\\\/\\\/finnleys.info\\\/wp-content\\\/uploads\\\/2022\\\/10\\\/Private-collection-brochure-148x148-online-1-1.pdf\",\"wpOptions\":\"true\"}; if(window.DFLIP && window.DFLIP.parseBooks){window.DFLIP.parseBooks();}<\/script><div class=\"fusion-text fusion-text-4 fusion-text-no-margin\" style=\"--awb-margin-top:25px;--awb-margin-bottom:25px;\"><p>Nous ne pensons pas seulement que les soins capillaires sont importants, mais aussi les soins du corps. Notre brochure Collection priv\u00e9e explique qu\u2019une exp\u00e9rience de bien-\u00eatre est tout aussi importante que de prendre soin de notre corps. Un rituel avec diff\u00e9rents produits pour le corps, les mains, les pieds, le visage et les cheveux. Demandez toujours conseil \u00e0 l\u2019un de nos ambassadeurs Finnley\u2019s avant d\u2019utiliser les produits sur votre peau et vos cheveux pour obtenir les r\u00e9sultats souhait\u00e9s.<\/p>\n<\/div><\/div><\/div><div class=\"fusion-layout-column fusion_builder_column fusion-builder-column-3 fusion_builder_column_1_2 1_2 fusion-flex-column\" style=\"--awb-bg-size:cover;--awb-width-large:50%;--awb-margin-top-large:20px;--awb-spacing-right-large:3.84%;--awb-margin-bottom-large:20px;--awb-spacing-left-large:3.84%;--awb-width-medium:50%;--awb-order-medium:0;--awb-spacing-right-medium:3.84%;--awb-spacing-left-medium:3.84%;--awb-width-small:100%;--awb-order-small:0;--awb-spacing-right-small:1.92%;--awb-spacing-left-small:1.92%;\"><div class=\"fusion-column-wrapper fusion-column-has-shadow fusion-flex-justify-content-flex-start fusion-content-layout-column\"><div class=\"fusion-title title fusion-title-4 fusion-sep-none fusion-title-text fusion-title-size-one\"><h1 class=\"fusion-title-heading title-heading-left fusion-responsive-typography-calculated\" style=\"margin:0;--fontSize:45;line-height:1.1;\">CG &amp; E<\/h1><\/div><div class=\"_df_book df-lite\" id=\"df_10251\"  _slug=\"cge\" data-title=\"cge\" wpoptions=\"true\" thumb=\"https:\/\/finnleys.info\/wp-content\/uploads\/2022\/10\/Screenshot-2022-10-28-091518.png\" thumbtype=\"\" ><\/div><script class=\"df-shortcode-script\" nowprocket type=\"application\/javascript\">window.option_df_10251 = {\"outline\":[],\"backgroundColor\":\"#ffffff\",\"autoEnableOutline\":\"false\",\"autoEnableThumbnail\":\"false\",\"overwritePDFOutline\":\"false\",\"direction\":\"1\",\"pageSize\":\"0\",\"source\":\"https:\\\/\\\/finnleys.info\\\/wp-content\\\/uploads\\\/2022\\\/10\\\/CG-Brochure.pdf\",\"wpOptions\":\"true\"}; if(window.DFLIP && window.DFLIP.parseBooks){window.DFLIP.parseBooks();}<\/script><div class=\"fusion-text fusion-text-5 fusion-text-no-margin\" style=\"--awb-margin-top:25px;--awb-margin-bottom:25px;\"><p>De plus en plus de personnes font face \u00e0 des probl\u00e8mes de cuir chevelu, y compris la perte de cheveux. Notre ligne CG&amp;E est sp\u00e9cifiquement destin\u00e9e au traitement de la perte de cheveux. Lisez plus dans cette brochure sur les diff\u00e9rents produits et n\u2019oubliez pas d\u2019avoir un diagnostic correct avec l\u2019un de nos sp\u00e9cialistes du cuir chevelu Finnley. Un diagnostic correct est essentiel pour utiliser les bons produits et obtenir les r\u00e9sultats que vous d\u00e9sirez.<\/p>\n<\/div><\/div><\/div><\/div><\/div>\n","protected":false},"excerpt":{"rendered":"","protected":false},"author":1,"featured_media":0,"parent":0,"menu_order":0,"comment_status":"closed","ping_status":"closed","template":"100-width.php","meta":{"footnotes":""},"class_list":["post-10380","page","type-page","status-publish","hentry"],"_links":{"self":[{"href":"https:\/\/finnleys.info\/fr\/wp-json\/wp\/v2\/pages\/10380","targetHints":{"allow":["GET"]}}],"collection":[{"href":"https:\/\/finnleys.info\/fr\/wp-json\/wp\/v2\/pages"}],"about":[{"href":"https:\/\/finnleys.info\/fr\/wp-json\/wp\/v2\/types\/page"}],"author":[{"embeddable":true,"href":"https:\/\/finnleys.info\/fr\/wp-json\/wp\/v2\/users\/1"}],"replies":[{"embeddable":true,"href":"https:\/\/finnleys.info\/fr\/wp-json\/wp\/v2\/comments?post=10380"}],"version-history":[{"count":10,"href":"https:\/\/finnleys.info\/fr\/wp-json\/wp\/v2\/pages\/10380\/revisions"}],"predecessor-version":[{"id":10529,"href":"https:\/\/finnleys.info\/fr\/wp-json\/wp\/v2\/pages\/10380\/revisions\/10529"}],"wp:attachment":[{"href":"https:\/\/finnleys.info\/fr\/wp-json\/wp\/v2\/media?parent=10380"}],"curies":[{"name":"wp","href":"https:\/\/api.w.org\/{rel}","templated":true}]}}