{"id":10383,"date":"2020-06-08T20:12:58","date_gmt":"2020-06-08T18:12:58","guid":{"rendered":"https:\/\/finnleys.info\/brochures-2\/"},"modified":"2022-11-18T15:28:22","modified_gmt":"2022-11-18T13:28:22","slug":"brochures-2","status":"publish","type":"page","link":"https:\/\/finnleys.info\/de\/","title":{"rendered":"Brochures"},"content":{"rendered":"<div class=\"fusion-fullwidth fullwidth-box fusion-builder-row-1 fusion-flex-container nonhundred-percent-fullwidth non-hundred-percent-height-scrolling\" style=\"--awb-border-radius-top-left:0px;--awb-border-radius-top-right:0px;--awb-border-radius-bottom-right:0px;--awb-border-radius-bottom-left:0px;--awb-flex-wrap:wrap;\" ><div class=\"fusion-builder-row fusion-row fusion-flex-align-items-flex-start fusion-flex-content-wrap\" style=\"max-width:1372.8px;margin-left: calc(-4% \/ 2 );margin-right: calc(-4% \/ 2 );\"><div class=\"fusion-layout-column fusion_builder_column fusion-builder-column-0 fusion_builder_column_1_2 1_2 fusion-flex-column\" style=\"--awb-bg-size:cover;--awb-width-large:50%;--awb-margin-top-large:20px;--awb-spacing-right-large:3.84%;--awb-margin-bottom-large:25px;--awb-spacing-left-large:3.84%;--awb-width-medium:50%;--awb-order-medium:0;--awb-spacing-right-medium:3.84%;--awb-spacing-left-medium:3.84%;--awb-width-small:100%;--awb-order-small:0;--awb-spacing-right-small:1.92%;--awb-spacing-left-small:1.92%;\"><div class=\"fusion-column-wrapper fusion-column-has-shadow fusion-flex-justify-content-flex-start fusion-content-layout-column\"><div class=\"fusion-title title fusion-title-1 fusion-sep-none fusion-title-text fusion-title-size-one\"><h1 class=\"fusion-title-heading title-heading-left fusion-responsive-typography-calculated\" style=\"margin:0;--fontSize:45;line-height:1.1;\">Finnleys Brochure<\/h1><\/div><div class=\"_df_book df-lite\" id=\"df_10227\"  _slug=\"hair-diversity\" data-title=\"catalogus-brochure-ro\" wpoptions=\"true\" thumb=\"https:\/\/finnleys.info\/wp-content\/uploads\/2023\/06\/Catalogus-Brochure.jpg\" thumbtype=\"\" ><\/div><script class=\"df-shortcode-script\" nowprocket type=\"application\/javascript\">window.option_df_10227 = {\"outline\":[],\"backgroundColor\":\"#ffffff\",\"autoEnableOutline\":\"false\",\"autoEnableThumbnail\":\"false\",\"overwritePDFOutline\":\"false\",\"direction\":\"1\",\"pageSize\":\"0\",\"source\":\"https:\\\/\\\/finnleys.info\\\/wp-content\\\/uploads\\\/2023\\\/06\\\/Catalogus-Brochure.pdf\",\"wpOptions\":\"true\"}; if(window.DFLIP && window.DFLIP.parseBooks){window.DFLIP.parseBooks();}<\/script><div class=\"fusion-text fusion-text-1 fusion-text-no-margin\" style=\"--awb-margin-top:25px;--awb-margin-bottom:25px;\"><p>In unserer Finnley&#8217;s-Brosch\u00fcre k\u00f6nnen Sie alles \u00fcber unsere Produkte lesen, von der Pflege bis zum Styling, von professionellen Behandlungen bis hin zu Heimbehandlungen. F\u00fcr jedes Produkt halten wir es f\u00fcr wichtig, dass Sie sich immer von einem unserer Finnley&#8217;s-Botschafter beraten lassen, welches Produkt auf der Grundlage einer guten Diagnose, Qualit\u00e4t, Struktur des Haares und des Ergebnisses f\u00fcr Ihr Haar geeignet ist.<\/p>\n<\/div><\/div><\/div><div class=\"fusion-layout-column fusion_builder_column fusion-builder-column-1 fusion_builder_column_1_2 1_2 fusion-flex-column fusion-flex-align-self-stretch\" style=\"--awb-bg-size:cover;--awb-width-large:50%;--awb-margin-top-large:20px;--awb-spacing-right-large:3.84%;--awb-margin-bottom-large:25px;--awb-spacing-left-large:3.84%;--awb-width-medium:50%;--awb-order-medium:0;--awb-spacing-right-medium:3.84%;--awb-spacing-left-medium:3.84%;--awb-width-small:100%;--awb-order-small:0;--awb-spacing-right-small:1.92%;--awb-spacing-left-small:1.92%;\"><div class=\"fusion-column-wrapper fusion-column-has-shadow fusion-flex-justify-content-space-between fusion-content-layout-column\"><div class=\"fusion-title title fusion-title-2 fusion-sep-none fusion-title-text fusion-title-size-one\"><h1 class=\"fusion-title-heading title-heading-left fusion-responsive-typography-calculated\" style=\"margin:0;--fontSize:45;line-height:1.1;\">Organic Twist Brochure<\/h1><\/div><div class=\"fusion-text fusion-text-2\"><\/div><div class=\"_df_book df-lite\" id=\"df_10245\"  _slug=\"organic-twist\" data-title=\"organic-twist\" wpoptions=\"true\" thumb=\"https:\/\/finnleys.info\/wp-content\/uploads\/2022\/10\/Screenshot-2022-10-28-091201.png\" thumbtype=\"\" ><\/div><script class=\"df-shortcode-script\" nowprocket type=\"application\/javascript\">window.option_df_10245 = {\"outline\":[{\"title\":\"\",\"dest\":\"\"}],\"backgroundColor\":\"#fff\",\"autoEnableOutline\":\"false\",\"autoEnableThumbnail\":\"false\",\"overwritePDFOutline\":\"false\",\"direction\":\"1\",\"pageSize\":\"0\",\"source\":\"https:\\\/\\\/finnleys.info\\\/wp-content\\\/uploads\\\/2024\\\/09\\\/OTC-Brochure.pdf\",\"wpOptions\":\"true\"}; if(window.DFLIP && window.DFLIP.parseBooks){window.DFLIP.parseBooks();}<\/script><div class=\"fusion-text fusion-text-3 fusion-text-no-margin\" style=\"--awb-margin-top:25px;--awb-margin-bottom:25px;\"><p>Wenn Sie nachhaltigere Produkte bevorzugen, ist die Organic Twist Collection eine Brosch\u00fcre, die Sie unbedingt durchbl\u00e4ttern m\u00fcssen. Sie finden alle Produkte, von der Pflege, bis zum Styling und wir zeigen Ihnen unsere Zusammenarbeit mit Trees For All, unserem Beitrag zum Planeten f\u00fcr Tiere und Menschen. Fragen Sie immer einen unserer Finnley&#8217;s-Botschafter um Rat, bevor Sie die Produkte verwenden.<\/p>\n<\/div><\/div><\/div><div class=\"fusion-layout-column fusion_builder_column fusion-builder-column-2 fusion_builder_column_1_2 1_2 fusion-flex-column\" style=\"--awb-bg-size:cover;--awb-width-large:50%;--awb-margin-top-large:20px;--awb-spacing-right-large:3.84%;--awb-margin-bottom-large:20px;--awb-spacing-left-large:3.84%;--awb-width-medium:50%;--awb-order-medium:0;--awb-spacing-right-medium:3.84%;--awb-spacing-left-medium:3.84%;--awb-width-small:100%;--awb-order-small:0;--awb-spacing-right-small:1.92%;--awb-spacing-left-small:1.92%;\"><div class=\"fusion-column-wrapper fusion-column-has-shadow fusion-flex-justify-content-flex-start fusion-content-layout-column\"><div class=\"fusion-title title fusion-title-3 fusion-sep-none fusion-title-text fusion-title-size-one\"><h1 class=\"fusion-title-heading title-heading-left fusion-responsive-typography-calculated\" style=\"margin:0;--fontSize:45;line-height:1.1;\">Private Collection<\/h1><\/div><div class=\"_df_book df-lite\" id=\"df_10214\"  _slug=\"10214\" data-title=\"private-collection-brochure\" wpoptions=\"true\" thumb=\"https:\/\/finnleys.info\/wp-content\/uploads\/2022\/10\/Screenshot-2022-10-27-101357.png\" thumbtype=\"\" ><\/div><script class=\"df-shortcode-script\" nowprocket type=\"application\/javascript\">window.option_df_10214 = {\"outline\":[],\"backgroundColor\":\"#fff\",\"autoEnableOutline\":\"false\",\"autoEnableThumbnail\":\"false\",\"overwritePDFOutline\":\"false\",\"direction\":\"1\",\"pageSize\":\"0\",\"source\":\"https:\\\/\\\/finnleys.info\\\/wp-content\\\/uploads\\\/2022\\\/10\\\/Private-collection-brochure-148x148-online-1-1.pdf\",\"wpOptions\":\"true\"}; if(window.DFLIP && window.DFLIP.parseBooks){window.DFLIP.parseBooks();}<\/script><div class=\"fusion-text fusion-text-4 fusion-text-no-margin\" style=\"--awb-margin-top:25px;--awb-margin-bottom:25px;\"><p>Dass uns nicht nur die Haarpflege wichtig ist, k\u00f6nnen Sie in unserer Brosch\u00fcre Private Collection nachlesen, die erkl\u00e4rt, dass uns ein Wellness-Erlebnis genauso wichtig ist wie die Pflege unseres K\u00f6rpers. Ein Ritual mit verschiedenen Produkten f\u00fcr K\u00f6rper, H\u00e4nde, F\u00fc\u00dfe, Gesicht und Haare. Fragen Sie immer einen unserer Finnley&#8217;s-Botschafter um Rat, bevor Sie die Produkte auf Ihrer Haut und Ihrem Haar anwenden, um die gew\u00fcnschten Ergebnisse zu erzielen.<\/p>\n<\/div><\/div><\/div><div class=\"fusion-layout-column fusion_builder_column fusion-builder-column-3 fusion_builder_column_1_2 1_2 fusion-flex-column\" style=\"--awb-bg-size:cover;--awb-width-large:50%;--awb-margin-top-large:20px;--awb-spacing-right-large:3.84%;--awb-margin-bottom-large:20px;--awb-spacing-left-large:3.84%;--awb-width-medium:50%;--awb-order-medium:0;--awb-spacing-right-medium:3.84%;--awb-spacing-left-medium:3.84%;--awb-width-small:100%;--awb-order-small:0;--awb-spacing-right-small:1.92%;--awb-spacing-left-small:1.92%;\"><div class=\"fusion-column-wrapper fusion-column-has-shadow fusion-flex-justify-content-flex-start fusion-content-layout-column\"><div class=\"fusion-title title fusion-title-4 fusion-sep-none fusion-title-text fusion-title-size-one\"><h1 class=\"fusion-title-heading title-heading-left fusion-responsive-typography-calculated\" style=\"margin:0;--fontSize:45;line-height:1.1;\">CG &amp; E<\/h1><\/div><div class=\"_df_book df-lite\" id=\"df_10251\"  _slug=\"cge\" data-title=\"cge\" wpoptions=\"true\" thumb=\"https:\/\/finnleys.info\/wp-content\/uploads\/2022\/10\/Screenshot-2022-10-28-091518.png\" thumbtype=\"\" ><\/div><script class=\"df-shortcode-script\" nowprocket type=\"application\/javascript\">window.option_df_10251 = {\"outline\":[],\"backgroundColor\":\"#ffffff\",\"autoEnableOutline\":\"false\",\"autoEnableThumbnail\":\"false\",\"overwritePDFOutline\":\"false\",\"direction\":\"1\",\"pageSize\":\"0\",\"source\":\"https:\\\/\\\/finnleys.info\\\/wp-content\\\/uploads\\\/2022\\\/10\\\/CG-Brochure.pdf\",\"wpOptions\":\"true\"}; if(window.DFLIP && window.DFLIP.parseBooks){window.DFLIP.parseBooks();}<\/script><div class=\"fusion-text fusion-text-5 fusion-text-no-margin\" style=\"--awb-margin-top:25px;--awb-margin-bottom:25px;\"><p>Immer mehr Menschen haben mit Kopfhautproblemen einschlie\u00dflich Haarausfall zu k\u00e4mpfen. Unsere CG&amp;E-Linie ist speziell f\u00fcr die Behandlung von Haarausfall gedacht. Lesen Sie in dieser Brosch\u00fcre mehr \u00fcber die verschiedenen Produkte und vergessen Sie nicht, zusammen mit einem unserer Finnley&#8217;s-Kopfhautspezialisten eine korrekte Diagnose zu stellen. Eine korrekte Diagnose ist unerl\u00e4sslich, um die richtigen Produkte zu verwenden.<\/p>\n<\/div><\/div><\/div><\/div><\/div>\n","protected":false},"excerpt":{"rendered":"","protected":false},"author":1,"featured_media":0,"parent":0,"menu_order":0,"comment_status":"closed","ping_status":"closed","template":"100-width.php","meta":{"footnotes":""},"class_list":["post-10383","page","type-page","status-publish","hentry"],"_links":{"self":[{"href":"https:\/\/finnleys.info\/de\/wp-json\/wp\/v2\/pages\/10383","targetHints":{"allow":["GET"]}}],"collection":[{"href":"https:\/\/finnleys.info\/de\/wp-json\/wp\/v2\/pages"}],"about":[{"href":"https:\/\/finnleys.info\/de\/wp-json\/wp\/v2\/types\/page"}],"author":[{"embeddable":true,"href":"https:\/\/finnleys.info\/de\/wp-json\/wp\/v2\/users\/1"}],"replies":[{"embeddable":true,"href":"https:\/\/finnleys.info\/de\/wp-json\/wp\/v2\/comments?post=10383"}],"version-history":[{"count":7,"href":"https:\/\/finnleys.info\/de\/wp-json\/wp\/v2\/pages\/10383\/revisions"}],"predecessor-version":[{"id":10462,"href":"https:\/\/finnleys.info\/de\/wp-json\/wp\/v2\/pages\/10383\/revisions\/10462"}],"wp:attachment":[{"href":"https:\/\/finnleys.info\/de\/wp-json\/wp\/v2\/media?parent=10383"}],"curies":[{"name":"wp","href":"https:\/\/api.w.org\/{rel}","templated":true}]}}